{"id":31,"date":"2023-06-05T12:45:09","date_gmt":"2023-06-05T12:45:09","guid":{"rendered":"https:\/\/e837f534-a180-40c8-a19b-73a5b43b178d.eu02.conves.io\/?page_id=31"},"modified":"2024-04-11T07:39:03","modified_gmt":"2024-04-11T07:39:03","slug":"about","status":"publish","type":"page","link":"https:\/\/foody-project.eu\/ro\/about\/","title":{"rendered":"About"},"content":{"rendered":"<div data-elementor-type=\"wp-page\" data-elementor-id=\"31\" class=\"elementor elementor-31\">\n\t\t\t\t\t\t<section class=\"elementor-section elementor-top-section elementor-element elementor-element-860c27e elementor-section-boxed elementor-section-height-default elementor-section-height-default\" data-id=\"860c27e\" data-element_type=\"section\" data-e-type=\"section\" data-settings=\"{&quot;background_background&quot;:&quot;classic&quot;}\">\n\t\t\t\t\t\t<div class=\"elementor-container elementor-column-gap-default\">\n\t\t\t\t\t<div class=\"elementor-column elementor-col-100 elementor-top-column elementor-element elementor-element-701fa7a\" data-id=\"701fa7a\" data-element_type=\"column\" data-e-type=\"column\">\n\t\t\t<div class=\"elementor-widget-wrap elementor-element-populated\">\n\t\t\t\t\t\t<div class=\"elementor-element elementor-element-b25e8cc elementor-widget elementor-widget-heading\" data-id=\"b25e8cc\" data-element_type=\"widget\" data-e-type=\"widget\" data-widget_type=\"heading.default\">\n\t\t\t\t<div class=\"elementor-widget-container\">\n\t\t\t\t\t<h2 class=\"elementor-heading-title elementor-size-default\">Despre FOOD-Y<\/h2>\t\t\t\t<\/div>\n\t\t\t\t<\/div>\n\t\t\t\t\t<\/div>\n\t\t<\/div>\n\t\t\t\t\t<\/div>\n\t\t<\/section>\n\t\t\t\t<section class=\"elementor-section elementor-top-section elementor-element elementor-element-16a41f3 elementor-section-boxed elementor-section-height-default elementor-section-height-default\" data-id=\"16a41f3\" data-element_type=\"section\" data-e-type=\"section\">\n\t\t\t\t\t\t<div class=\"elementor-container elementor-column-gap-default\">\n\t\t\t\t\t<div class=\"elementor-column elementor-col-100 elementor-top-column elementor-element elementor-element-06bc077\" data-id=\"06bc077\" data-element_type=\"column\" data-e-type=\"column\">\n\t\t\t<div class=\"elementor-widget-wrap\">\n\t\t\t\t\t\t\t<\/div>\n\t\t<\/div>\n\t\t\t\t\t<\/div>\n\t\t<\/section>\n\t\t\t\t<section class=\"elementor-section elementor-top-section elementor-element elementor-element-72394e8 elementor-section-boxed elementor-section-height-default elementor-section-height-default\" data-id=\"72394e8\" data-element_type=\"section\" data-e-type=\"section\">\n\t\t\t\t\t\t<div class=\"elementor-container elementor-column-gap-default\">\n\t\t\t\t\t<div class=\"elementor-column elementor-col-50 elementor-top-column elementor-element elementor-element-ec6d086\" data-id=\"ec6d086\" data-element_type=\"column\" data-e-type=\"column\" data-settings=\"{&quot;background_background&quot;:&quot;classic&quot;}\">\n\t\t\t<div class=\"elementor-widget-wrap elementor-element-populated\">\n\t\t\t\t\t\t<div class=\"elementor-element elementor-element-15e2d96 elementor-widget elementor-widget-text-editor\" data-id=\"15e2d96\" data-element_type=\"widget\" data-e-type=\"widget\" data-widget_type=\"text-editor.default\">\n\t\t\t\t<div class=\"elementor-widget-container\">\n\t\t\t\t\t\t\t\t\t<p>Nivelurile ridicate de risip\u0103 alimentar\u0103 sunt un rezultat direct al unui sistem alimentar industrial nesustenabil, bazat pe un mecanism de risip\u0103 \u0219i supraproduc\u021bie, care trateaz\u0103 alimentele ca pe o marf\u0103. Factorii care determin\u0103 risipa de alimente sunt mul\u021bi, deoarece risipa de alimente are loc la mai multe niveluri, de la c\u00e2mp la mas\u0103 \u0219i de-a lungul \u00eentregului lan\u021b de aprovizionare. Prin urmare, pentru a aborda problema risipei alimentare este necesar s\u0103 se ac\u021bioneze \u00een toate aceste etape \u0219i s\u0103 se ac\u021bioneze at\u00e2t \u00een ceea ce prive\u0219te prevenirea, c\u00e2t \u0219i reutilizarea de\u0219eurilor alimentare inevitabile.\u00a0<span style=\"font-style: inherit; font-weight: inherit; color: var( --e-global-color-text ); font-family: var( --e-global-typography-text-font-family ), Sans-serif; background-color: var(--ast-global-color-5);\">Prevenirea risipei de alimente necesit\u0103 o abordare holistic\u0103, care prive\u0219te sistemul alimentar ca pe un set complex \u0219i interconectat de practici agricole, economice, sociale \u0219i culturale.<\/span><\/p><p>Inspira\u021bia pentru acest proiect este dat\u0103 de oportunit\u0103\u021bile inadecvate oferite tinerilor de a-\u0219i dezvolta abilit\u0103\u021bile practice de care au nevoie pentru a fi cet\u0103\u021beni activi \u0219i responsabili. \u00cen prezent, 17,6 % dintre tinerii cu v\u00e2rste cuprinse \u00eentre 20 \u0219i 34 de ani din UE \u00een 2020 nu aveau nici un loc de munc\u0103 \u0219i nici nu urmau o form\u0103 de \u00eenv\u0103\u021b\u0103m\u00e2nt sau de formare profesional\u0103 (NEETs). Mul\u021bi dintre cei care ob\u021bin un loc de munc\u0103 constat\u0103 c\u0103 realitatea locului de munc\u0103 este cu mult sub ambi\u021biile \u0219i viziunea lor. Adesea, este nevoie de \u00eembun\u0103t\u0103\u021birea unor c\u0103i fiabile de acces la educa\u021bie \u0219i formare profesional\u0103 c\u0103tre un loc de munc\u0103 de calitate. Exist\u0103 oportunit\u0103\u021bi insuficiente de dob\u00e2ndire a experien\u021bei practice \u00een ceea ce prive\u0219te competen\u021bele necesare pentru a func\u021biona \u00eentr-un mediu cu mai multe agen\u021bii \u0219i \u00een schimbare rapid\u0103, \u00een ciuda cererii ridicate de pe pia\u021ba muncii pentru astfel de capacit\u0103\u021bi. \u00cen general, educa\u021bia nu reu\u0219e\u0219te \u00een mod frecvent s\u0103 ofere competen\u021be esen\u021biale pentru ocuparea unui loc de munc\u0103.\u00a0<span style=\"font-style: inherit; font-weight: inherit; color: var( --e-global-color-text ); font-family: var( --e-global-typography-text-font-family ), Sans-serif; background-color: var(--ast-global-color-5);\">Din acest motiv, proiectul FOODy va cre\u0219te competen\u021bele antreprenoriale ale tinerilor \u0219i \u00eei va motiva s\u0103 g\u0103seasc\u0103 solu\u021bii inovatoare la problemele legate de risipa de alimente din comunitatea lor.<\/span><\/p><p>Activit\u0103\u021bile propuse \u00een cadrul programului FOODy vor oferi o nou\u0103 modalitate de a consolida participarea activ\u0103 a participan\u021bilor \u0219i de a le spori \u00eencrederea \u00een sine, \u00eembun\u0103t\u0103\u021bind \u00een acela\u0219i timp abilit\u0103\u021bile de angajare prin utilizarea unor aspecte reale legate de problemele legate de risipa de alimente din comunitatea lor.\u00a0<\/p><p><span style=\"font-style: inherit; font-weight: inherit; color: var( --e-global-color-text ); font-family: var( --e-global-typography-text-font-family ), Sans-serif; background-color: var(--ast-global-color-5);\">Partenerii vor baza activit\u0103\u021bile pe predispozi\u021bia tinerilor pentru inovare \u0219i pe \u00een\u021belegerea tendin\u021belor emergente, astfel \u00eenc\u00e2t ace\u0219tia s\u0103 poat\u0103 demara noi ini\u021biative pentru a reduce sau preveni risipa de alimente \u00een comunit\u0103\u021bile lor.<\/span><\/p>\t\t\t\t\t\t\t\t<\/div>\n\t\t\t\t<\/div>\n\t\t\t\t\t<\/div>\n\t\t<\/div>\n\t\t\t\t<div class=\"elementor-column elementor-col-50 elementor-top-column elementor-element elementor-element-269fcff\" data-id=\"269fcff\" data-element_type=\"column\" data-e-type=\"column\" data-settings=\"{&quot;background_background&quot;:&quot;classic&quot;}\">\n\t\t\t<div class=\"elementor-widget-wrap elementor-element-populated\">\n\t\t\t\t\t\t<div class=\"elementor-element elementor-element-294ed61 elementor-widget elementor-widget-image\" data-id=\"294ed61\" data-element_type=\"widget\" data-e-type=\"widget\" data-widget_type=\"image.default\">\n\t\t\t\t<div class=\"elementor-widget-container\">\n\t\t\t\t\t\t\t\t\t\t\t\t\t\t\t<img fetchpriority=\"high\" decoding=\"async\" width=\"442\" height=\"940\" src=\"https:\/\/foody-project.eu\/wp-content\/uploads\/2023\/10\/AdobeStock_264542845-1-1.jpeg\" class=\"attachment-2048x2048 size-2048x2048 wp-image-375\" alt=\"\" srcset=\"https:\/\/foody-project.eu\/wp-content\/uploads\/2023\/10\/AdobeStock_264542845-1-1.jpeg 442w, https:\/\/foody-project.eu\/wp-content\/uploads\/2023\/10\/AdobeStock_264542845-1-1-141x300.jpeg 141w\" sizes=\"(max-width: 442px) 100vw, 442px\" \/>\t\t\t\t\t\t\t\t\t\t\t\t\t\t\t<\/div>\n\t\t\t\t<\/div>\n\t\t\t\t\t<\/div>\n\t\t<\/div>\n\t\t\t\t\t<\/div>\n\t\t<\/section>\n\t\t\t\t<section class=\"elementor-section elementor-top-section elementor-element elementor-element-bbf988d elementor-section-full_width elementor-section-stretched elementor-section-height-min-height elementor-section-items-bottom elementor-section-content-middle elementor-section-height-default\" data-id=\"bbf988d\" data-element_type=\"section\" data-e-type=\"section\" data-settings=\"{&quot;stretch_section&quot;:&quot;section-stretched&quot;,&quot;background_background&quot;:&quot;classic&quot;}\">\n\t\t\t\t\t\t<div class=\"elementor-container elementor-column-gap-wider\">\n\t\t\t\t\t<div class=\"elementor-column elementor-col-100 elementor-top-column elementor-element elementor-element-e87d4b9\" data-id=\"e87d4b9\" data-element_type=\"column\" data-e-type=\"column\">\n\t\t\t<div class=\"elementor-widget-wrap\">\n\t\t\t\t\t\t\t<\/div>\n\t\t<\/div>\n\t\t\t\t\t<\/div>\n\t\t<\/section>\n\t\t\t\t<\/div>","protected":false},"excerpt":{"rendered":"<p>About FOOD-Y High levels of food waste are a direct outcome of an unsustainable industrial food system founded on a mechanism of wastage and overproduction, which treats food as a commodity. The drivers of food waste are many, as food waste occurs at several levels, from the field to the table and all across the [&hellip;]<\/p>\n","protected":false},"author":1,"featured_media":0,"parent":0,"menu_order":0,"comment_status":"closed","ping_status":"closed","template":"elementor_header_footer","meta":{"site-sidebar-layout":"default","site-content-layout":"","ast-site-content-layout":"default","site-content-style":"default","site-sidebar-style":"default","ast-global-header-display":"","ast-banner-title-visibility":"","ast-main-header-display":"","ast-hfb-above-header-display":"","ast-hfb-below-header-display":"","ast-hfb-mobile-header-display":"","site-post-title":"","ast-breadcrumbs-content":"","ast-featured-img":"","footer-sml-layout":"","ast-disable-related-posts":"","theme-transparent-header-meta":"","adv-header-id-meta":"","stick-header-meta":"","header-above-stick-meta":"","header-main-stick-meta":"","header-below-stick-meta":"","astra-migrate-meta-layouts":"set","ast-page-background-enabled":"default","ast-page-background-meta":{"desktop":{"background-color":"var(--ast-global-color-4)","background-image":"","background-repeat":"repeat","background-position":"center center","background-size":"auto","background-attachment":"scroll","background-type":"","background-media":"","overlay-type":"","overlay-color":"","overlay-opacity":"","overlay-gradient":""},"tablet":{"background-color":"","background-image":"","background-repeat":"repeat","background-position":"center center","background-size":"auto","background-attachment":"scroll","background-type":"","background-media":"","overlay-type":"","overlay-color":"","overlay-opacity":"","overlay-gradient":""},"mobile":{"background-color":"","background-image":"","background-repeat":"repeat","background-position":"center center","background-size":"auto","background-attachment":"scroll","background-type":"","background-media":"","overlay-type":"","overlay-color":"","overlay-opacity":"","overlay-gradient":""}},"ast-content-background-meta":{"desktop":{"background-color":"var(--ast-global-color-5)","background-image":"","background-repeat":"repeat","background-position":"center center","background-size":"auto","background-attachment":"scroll","background-type":"","background-media":"","overlay-type":"","overlay-color":"","overlay-opacity":"","overlay-gradient":""},"tablet":{"background-color":"var(--ast-global-color-5)","background-image":"","background-repeat":"repeat","background-position":"center center","background-size":"auto","background-attachment":"scroll","background-type":"","background-media":"","overlay-type":"","overlay-color":"","overlay-opacity":"","overlay-gradient":""},"mobile":{"background-color":"var(--ast-global-color-5)","background-image":"","background-repeat":"repeat","background-position":"center center","background-size":"auto","background-attachment":"scroll","background-type":"","background-media":"","overlay-type":"","overlay-color":"","overlay-opacity":"","overlay-gradient":""}},"footnotes":""},"class_list":["post-31","page","type-page","status-publish","hentry"],"_links":{"self":[{"href":"https:\/\/foody-project.eu\/ro\/wp-json\/wp\/v2\/pages\/31","targetHints":{"allow":["GET"]}}],"collection":[{"href":"https:\/\/foody-project.eu\/ro\/wp-json\/wp\/v2\/pages"}],"about":[{"href":"https:\/\/foody-project.eu\/ro\/wp-json\/wp\/v2\/types\/page"}],"author":[{"embeddable":true,"href":"https:\/\/foody-project.eu\/ro\/wp-json\/wp\/v2\/users\/1"}],"replies":[{"embeddable":true,"href":"https:\/\/foody-project.eu\/ro\/wp-json\/wp\/v2\/comments?post=31"}],"version-history":[{"count":85,"href":"https:\/\/foody-project.eu\/ro\/wp-json\/wp\/v2\/pages\/31\/revisions"}],"predecessor-version":[{"id":1006,"href":"https:\/\/foody-project.eu\/ro\/wp-json\/wp\/v2\/pages\/31\/revisions\/1006"}],"wp:attachment":[{"href":"https:\/\/foody-project.eu\/ro\/wp-json\/wp\/v2\/media?parent=31"}],"curies":[{"name":"wp","href":"https:\/\/api.w.org\/{rel}","templated":true}]}}