{"id":51,"date":"2023-06-05T14:47:26","date_gmt":"2023-06-05T14:47:26","guid":{"rendered":"https:\/\/e837f534-a180-40c8-a19b-73a5b43b178d.eu02.conves.io\/?page_id=51"},"modified":"2023-10-25T09:59:29","modified_gmt":"2023-10-25T09:59:29","slug":"partners","status":"publish","type":"page","link":"https:\/\/foody-project.eu\/it\/partners\/","title":{"rendered":"Partner"},"content":{"rendered":"<div data-elementor-type=\"wp-page\" data-elementor-id=\"51\" class=\"elementor elementor-51\">\n\t\t\t\t\t\t<section class=\"elementor-section elementor-top-section elementor-element elementor-element-c13e450 elementor-section-boxed elementor-section-height-default elementor-section-height-default\" data-id=\"c13e450\" data-element_type=\"section\" data-e-type=\"section\" data-settings=\"{&quot;background_background&quot;:&quot;classic&quot;}\">\n\t\t\t\t\t\t<div class=\"elementor-container elementor-column-gap-default\">\n\t\t\t\t\t<div class=\"elementor-column elementor-col-100 elementor-top-column elementor-element elementor-element-c0cf59e\" data-id=\"c0cf59e\" data-element_type=\"column\" data-e-type=\"column\">\n\t\t\t<div class=\"elementor-widget-wrap elementor-element-populated\">\n\t\t\t\t\t\t<div class=\"elementor-element elementor-element-38a18c7 elementor-widget elementor-widget-heading\" data-id=\"38a18c7\" data-element_type=\"widget\" data-e-type=\"widget\" data-widget_type=\"heading.default\">\n\t\t\t\t<div class=\"elementor-widget-container\">\n\t\t\t\t\t<h1 class=\"elementor-heading-title elementor-size-default\">Partner del progetto<\/h1>\t\t\t\t<\/div>\n\t\t\t\t<\/div>\n\t\t\t\t\t<\/div>\n\t\t<\/div>\n\t\t\t\t\t<\/div>\n\t\t<\/section>\n\t\t\t\t<section class=\"elementor-section elementor-top-section elementor-element elementor-element-e306a43 elementor-section-boxed elementor-section-height-default elementor-section-height-default\" data-id=\"e306a43\" data-element_type=\"section\" data-e-type=\"section\">\n\t\t\t\t\t\t<div class=\"elementor-container elementor-column-gap-default\">\n\t\t\t\t\t<div class=\"elementor-column elementor-col-100 elementor-top-column elementor-element elementor-element-3c79bbc\" data-id=\"3c79bbc\" data-element_type=\"column\" data-e-type=\"column\">\n\t\t\t<div class=\"elementor-widget-wrap elementor-element-populated\">\n\t\t\t\t\t\t<div class=\"elementor-element elementor-element-3981fd5 elementor-widget elementor-widget-accordion\" data-id=\"3981fd5\" data-element_type=\"widget\" data-e-type=\"widget\" data-widget_type=\"accordion.default\">\n\t\t\t\t<div class=\"elementor-widget-container\">\n\t\t\t\t\t\t\t<div class=\"elementor-accordion\">\n\t\t\t\t\t\t\t<div class=\"elementor-accordion-item\">\n\t\t\t\t\t<div id=\"elementor-tab-title-6031\" class=\"elementor-tab-title\" data-tab=\"1\" role=\"button\" aria-controls=\"elementor-tab-content-6031\" aria-expanded=\"false\">\n\t\t\t\t\t\t\t\t\t\t\t\t\t<span class=\"elementor-accordion-icon elementor-accordion-icon-left\" aria-hidden=\"true\">\n\t\t\t\t\t\t\t\t\t\t\t\t\t\t\t<span class=\"elementor-accordion-icon-closed\"><i class=\"fas fa-plus\"><\/i><\/span>\n\t\t\t\t\t\t\t\t<span class=\"elementor-accordion-icon-opened\"><i class=\"fas fa-minus\"><\/i><\/span>\n\t\t\t\t\t\t\t\t\t\t\t\t\t\t<\/span>\n\t\t\t\t\t\t\t\t\t\t\t\t<a class=\"elementor-accordion-title\" tabindex=\"0\">HELLO YOUTH <\/a>\n\t\t\t\t\t<\/div>\n\t\t\t\t\t<div id=\"elementor-tab-content-6031\" class=\"elementor-tab-content elementor-clearfix\" data-tab=\"1\" role=\"region\" aria-labelledby=\"elementor-tab-title-6031\"><p><img fetchpriority=\"high\" decoding=\"async\" class=\"alignnone size-medium wp-image-193\" src=\"https:\/\/e837f534-a180-40c8-a19b-73a5b43b178d.eu02.conves.io\/wp-content\/uploads\/2023\/06\/helloyouth.logo_-300x182.png\" alt=\"\" width=\"300\" height=\"182\" srcset=\"https:\/\/foody-project.eu\/wp-content\/uploads\/2023\/06\/helloyouth.logo_-300x182.png 300w, https:\/\/foody-project.eu\/wp-content\/uploads\/2023\/06\/helloyouth.logo_.png 368w\" sizes=\"(max-width: 300px) 100vw, 300px\" \/><\/p><p>Hello Youth (HeY) \u00e8 una ONG che promuove la cittadinanza attiva e la partecipazione dei giovani in tutti gli aspetti della societ\u00e0. Incoraggiamo i giovani a partecipare ai progetti europei, poich\u00e9 riconosciamo l'immenso potere che essi hanno nell'aiutare i giovani a migliorare se stessi. L'organizzazione \u00e8 composta da diversi giovani di et\u00e0 compresa tra i 13 e i 30 anni, provenienti da contesti culturali, economici e sociali diversi. L'organizzazione \u00e8 nata nel 2013, prima come gruppo informale, ma ora si \u00e8 trasformata in una ONG stabile in una fase fondamentale del suo sviluppo.<\/p><\/div>\n\t\t\t\t<\/div>\n\t\t\t\t\t\t\t<div class=\"elementor-accordion-item\">\n\t\t\t\t\t<div id=\"elementor-tab-title-6032\" class=\"elementor-tab-title\" data-tab=\"2\" role=\"button\" aria-controls=\"elementor-tab-content-6032\" aria-expanded=\"false\">\n\t\t\t\t\t\t\t\t\t\t\t\t\t<span class=\"elementor-accordion-icon elementor-accordion-icon-left\" aria-hidden=\"true\">\n\t\t\t\t\t\t\t\t\t\t\t\t\t\t\t<span class=\"elementor-accordion-icon-closed\"><i class=\"fas fa-plus\"><\/i><\/span>\n\t\t\t\t\t\t\t\t<span class=\"elementor-accordion-icon-opened\"><i class=\"fas fa-minus\"><\/i><\/span>\n\t\t\t\t\t\t\t\t\t\t\t\t\t\t<\/span>\n\t\t\t\t\t\t\t\t\t\t\t\t<a class=\"elementor-accordion-title\" tabindex=\"0\">ATELIERE FARA FRONTIERE <\/a>\n\t\t\t\t\t<\/div>\n\t\t\t\t\t<div id=\"elementor-tab-content-6032\" class=\"elementor-tab-content elementor-clearfix\" data-tab=\"2\" role=\"region\" aria-labelledby=\"elementor-tab-title-6032\"><img decoding=\"async\" class=\"alignnone size-medium wp-image-189\" src=\"https:\/\/e837f534-a180-40c8-a19b-73a5b43b178d.eu02.conves.io\/wp-content\/uploads\/2023\/06\/AFF_logo_600x600px_transparent-300x300.png\" alt=\"\" width=\"200\" height=\"200\" srcset=\"https:\/\/foody-project.eu\/wp-content\/uploads\/2023\/06\/AFF_logo_600x600px_transparent-300x300.png 300w, https:\/\/foody-project.eu\/wp-content\/uploads\/2023\/06\/AFF_logo_600x600px_transparent-150x150.png 150w, https:\/\/foody-project.eu\/wp-content\/uploads\/2023\/06\/AFF_logo_600x600px_transparent.png 600w\" sizes=\"(max-width: 200px) 100vw, 200px\" \/>\n\n<br>Ateliere F\u0103r\u0103 Frontiere \u00e8 una ONG basata sull'economia circolare le cui attivit\u00e0 si concentrano principalmente sulla creazione di posti di lavoro per persone provenienti da gruppi vulnerabili (dipendenze, violenza, senzatetto, rom, ecc.) e sulla fornitura di servizi sociali di accompagnamento al lavoro, consulenza finanziaria, accesso a programmi educativi e di salute mentale. L'obiettivo finale dei nostri sforzi \u00e8 l'integrazione dei beneficiari nel libero mercato del lavoro, consentendo loro di riacquistare fiducia in se stessi e di diventare cittadini attivi che accedono ai propri diritti e contribuiscono al sistema di assistenza sociale. Dal 2008, abbiamo registrato 359 dipendenti nel programma di integrazione sociale. Pi\u00f9 della met\u00e0 ha trovato un lavoro o una formazione retribuita dopo aver trascorso due anni all'AFF per sviluppare le proprie competenze nel mercato del lavoro. Attualmente abbiamo una media di 25 dipendenti all'anno nel programma di integrazione e 20 dipendenti fissi che lavorano nei servizi sociali dell'associazione, nelle attivit\u00e0 economiche e nei compiti amministrativi che ne derivano.<\/div>\n\t\t\t\t<\/div>\n\t\t\t\t\t\t\t<div class=\"elementor-accordion-item\">\n\t\t\t\t\t<div id=\"elementor-tab-title-6033\" class=\"elementor-tab-title\" data-tab=\"3\" role=\"button\" aria-controls=\"elementor-tab-content-6033\" aria-expanded=\"false\">\n\t\t\t\t\t\t\t\t\t\t\t\t\t<span class=\"elementor-accordion-icon elementor-accordion-icon-left\" aria-hidden=\"true\">\n\t\t\t\t\t\t\t\t\t\t\t\t\t\t\t<span class=\"elementor-accordion-icon-closed\"><i class=\"fas fa-plus\"><\/i><\/span>\n\t\t\t\t\t\t\t\t<span class=\"elementor-accordion-icon-opened\"><i class=\"fas fa-minus\"><\/i><\/span>\n\t\t\t\t\t\t\t\t\t\t\t\t\t\t<\/span>\n\t\t\t\t\t\t\t\t\t\t\t\t<a class=\"elementor-accordion-title\" tabindex=\"0\">ANAZITITES THEATROU <\/a>\n\t\t\t\t\t<\/div>\n\t\t\t\t\t<div id=\"elementor-tab-content-6033\" class=\"elementor-tab-content elementor-clearfix\" data-tab=\"3\" role=\"region\" aria-labelledby=\"elementor-tab-title-6033\"><p><img decoding=\"async\" class=\"alignnone size-medium wp-image-194\" src=\"https:\/\/e837f534-a180-40c8-a19b-73a5b43b178d.eu02.conves.io\/wp-content\/uploads\/2023\/06\/logo_FIX-300x214.png\" alt=\"\" width=\"300\" height=\"214\" srcset=\"https:\/\/foody-project.eu\/wp-content\/uploads\/2023\/06\/logo_FIX-300x214.png 300w, https:\/\/foody-project.eu\/wp-content\/uploads\/2023\/06\/logo_FIX-1024x729.png 1024w, https:\/\/foody-project.eu\/wp-content\/uploads\/2023\/06\/logo_FIX-768x547.png 768w, https:\/\/foody-project.eu\/wp-content\/uploads\/2023\/06\/logo_FIX-1536x1094.png 1536w, https:\/\/foody-project.eu\/wp-content\/uploads\/2023\/06\/logo_FIX-2048x1459.png 2048w\" sizes=\"(max-width: 300px) 100vw, 300px\" \/><\/p><p>Anazitites Theatrou (Fix In Art) \u00e8 principalmente un'iniziativa socio-culturale autofinanziata. \u00c8 una visione, un'idea, un luogo di cultura, un rifugio o meglio ancora una casa per il teatro, la musica, le arti plastiche, la danza, il cinema, la letteratura e ogni forma di espressione creativa. Ma soprattutto \u00e8 uno spazio dove ancora si sogna, si immagina e si crea. Il nostro obiettivo \u00e8 quello di sostenere i creativi, i dilettanti e i visionari, coltivare le collaborazioni e la cultura, costruire ponti di mobilit\u00e0, sostenere l'apprendimento per le persone di ogni et\u00e0 e provenienza, promuovere la cultura moderna e tutto questo in uno spazio aperto e accessibile a tutti senza pregiudizi, in un edificio considerato uno dei pi\u00f9 importanti monumenti industriali della Grecia, la vecchia fabbrica di birra FIX. Si tratta di una comunit\u00e0 artistica e culturale senza scopo di lucro che si propone di valorizzare e promuovere l'espressione artistica e le opportunit\u00e0 che tutelano l'educazione, l'inclusivit\u00e0, l'antioppressione, la non violenza, il benessere e la pace, coltivando una comunit\u00e0 impegnata in questo stile di vita.<\/p><\/div>\n\t\t\t\t<\/div>\n\t\t\t\t\t\t\t<div class=\"elementor-accordion-item\">\n\t\t\t\t\t<div id=\"elementor-tab-title-6034\" class=\"elementor-tab-title\" data-tab=\"4\" role=\"button\" aria-controls=\"elementor-tab-content-6034\" aria-expanded=\"false\">\n\t\t\t\t\t\t\t\t\t\t\t\t\t<span class=\"elementor-accordion-icon elementor-accordion-icon-left\" aria-hidden=\"true\">\n\t\t\t\t\t\t\t\t\t\t\t\t\t\t\t<span class=\"elementor-accordion-icon-closed\"><i class=\"fas fa-plus\"><\/i><\/span>\n\t\t\t\t\t\t\t\t<span class=\"elementor-accordion-icon-opened\"><i class=\"fas fa-minus\"><\/i><\/span>\n\t\t\t\t\t\t\t\t\t\t\t\t\t\t<\/span>\n\t\t\t\t\t\t\t\t\t\t\t\t<a class=\"elementor-accordion-title\" tabindex=\"0\">Mine Vaganti NGO <\/a>\n\t\t\t\t\t<\/div>\n\t\t\t\t\t<div id=\"elementor-tab-content-6034\" class=\"elementor-tab-content elementor-clearfix\" data-tab=\"4\" role=\"region\" aria-labelledby=\"elementor-tab-title-6034\"><p><img loading=\"lazy\" decoding=\"async\" class=\"alignnone size-full wp-image-24\" src=\"https:\/\/e837f534-a180-40c8-a19b-73a5b43b178d.eu02.conves.io\/wp-content\/uploads\/2023\/06\/Picture6.jpg\" alt=\"\" width=\"188\" height=\"188\" srcset=\"https:\/\/foody-project.eu\/wp-content\/uploads\/2023\/06\/Picture6.jpg 188w, https:\/\/foody-project.eu\/wp-content\/uploads\/2023\/06\/Picture6-150x150.jpg 150w\" sizes=\"(max-width: 188px) 100vw, 188px\" \/><\/p><p>Mine Vaganti ONG \u00e8 un'organizzazione senza scopo di lucro fondata in Sardegna nel 2009, i cui servizi comprendono l'istruzione e la formazione, la progettazione e lo sviluppo di progetti, la ricerca tematica, la mobilit\u00e0 internazionale e la consulenza - nei settori dei giovani, degli adulti, dell'istruzione e dello sport. MVNGO ha 3 uffici a Sassari, che coprono il nord della Sardegna, e a Berlino, in Germania, che raggiungono con le loro filiali operative molte altre regioni in Italia, in Europa e oltre. I membri di MVNGO operano in team dedicati per creare, sviluppare e implementare progetti internazionali di ricerca, innovazione o scambio di buone pratiche, raggiungendo talvolta il target attraverso seminari e\/o corsi di formazione.<\/p><p>Tra i team di lavoro della MVNGO ci sono formatori\/facilitatori (accreditati Salto) che godono di una vasta esperienza e sono disposti a essere coinvolti nell'attuazione dei progetti proposti. L'organizzazione \u00e8 composta da 10 membri del personale a tempo pieno, 15 collaboratori assunti temporaneamente sotto diverse<\/p><p>\u00a0programmi di mobilit\u00e0 e un pool di 20 esterni con contratto annuale o a progetto.<\/p><\/div>\n\t\t\t\t<\/div>\n\t\t\t\t\t\t\t<div class=\"elementor-accordion-item\">\n\t\t\t\t\t<div id=\"elementor-tab-title-6035\" class=\"elementor-tab-title\" data-tab=\"5\" role=\"button\" aria-controls=\"elementor-tab-content-6035\" aria-expanded=\"false\">\n\t\t\t\t\t\t\t\t\t\t\t\t\t<span class=\"elementor-accordion-icon elementor-accordion-icon-left\" aria-hidden=\"true\">\n\t\t\t\t\t\t\t\t\t\t\t\t\t\t\t<span class=\"elementor-accordion-icon-closed\"><i class=\"fas fa-plus\"><\/i><\/span>\n\t\t\t\t\t\t\t\t<span class=\"elementor-accordion-icon-opened\"><i class=\"fas fa-minus\"><\/i><\/span>\n\t\t\t\t\t\t\t\t\t\t\t\t\t\t<\/span>\n\t\t\t\t\t\t\t\t\t\t\t\t<a class=\"elementor-accordion-title\" tabindex=\"0\">FRAMEWORK associazione culturale <\/a>\n\t\t\t\t\t<\/div>\n\t\t\t\t\t<div id=\"elementor-tab-content-6035\" class=\"elementor-tab-content elementor-clearfix\" data-tab=\"5\" role=\"region\" aria-labelledby=\"elementor-tab-title-6035\"><p><img loading=\"lazy\" decoding=\"async\" class=\"alignnone  wp-image-191\" src=\"https:\/\/e837f534-a180-40c8-a19b-73a5b43b178d.eu02.conves.io\/wp-content\/uploads\/2023\/06\/fmk-logo-vert-colori-positivo@3x-263x300.png\" alt=\"\" width=\"162\" height=\"185\" srcset=\"https:\/\/foody-project.eu\/wp-content\/uploads\/2023\/06\/fmk-logo-vert-colori-positivo@3x-263x300.png 263w, https:\/\/foody-project.eu\/wp-content\/uploads\/2023\/06\/fmk-logo-vert-colori-positivo@3x.png 526w\" sizes=\"(max-width: 162px) 100vw, 162px\" \/><\/p><p>FRAMEWORK \u00e8 un'associazione italiana senza scopo di lucro attiva nei settori dell'educazione degli adulti, dei giovani, della formazione professionale, dell'imprenditorialit\u00e0 e della sostenibilit\u00e0. La missione dell'associazione \u00e8 quella di promuovere l'apprendimento permanente e le opportunit\u00e0 di sviluppo professionale per tutti i cittadini che necessitano di maggiori e pi\u00f9 solide competenze in materia di occupabilit\u00e0, competenze digitali e, in generale, migliori capacit\u00e0 per realizzare i propri progetti professionali e di vita. Il nostro obiettivo \u00e8 ispirare adulti, anziani, giovani, operatori giovanili, formatori ed educatori di qualsiasi settore a crescere personalmente e professionalmente. L'associazione \u00e8 nata per offrire un FRAME che aiuti le persone a trasformare le loro idee in piani e progetti concreti. La nostra missione \u00e8 offrire loro l'opportunit\u00e0 di accrescere le proprie capacit\u00e0, competenze e attitudini, consentendo loro di apportare i cambiamenti di cui hanno bisogno nella loro vita professionale o personale, con i propri punti di forza e il proprio talento.<\/p><\/div>\n\t\t\t\t<\/div>\n\t\t\t\t\t\t\t<div class=\"elementor-accordion-item\">\n\t\t\t\t\t<div id=\"elementor-tab-title-6036\" class=\"elementor-tab-title\" data-tab=\"6\" role=\"button\" aria-controls=\"elementor-tab-content-6036\" aria-expanded=\"false\">\n\t\t\t\t\t\t\t\t\t\t\t\t\t<span class=\"elementor-accordion-icon elementor-accordion-icon-left\" aria-hidden=\"true\">\n\t\t\t\t\t\t\t\t\t\t\t\t\t\t\t<span class=\"elementor-accordion-icon-closed\"><i class=\"fas fa-plus\"><\/i><\/span>\n\t\t\t\t\t\t\t\t<span class=\"elementor-accordion-icon-opened\"><i class=\"fas fa-minus\"><\/i><\/span>\n\t\t\t\t\t\t\t\t\t\t\t\t\t\t<\/span>\n\t\t\t\t\t\t\t\t\t\t\t\t<a class=\"elementor-accordion-title\" tabindex=\"0\">Faal Derne\u011fi  <\/a>\n\t\t\t\t\t<\/div>\n\t\t\t\t\t<div id=\"elementor-tab-content-6036\" class=\"elementor-tab-content elementor-clearfix\" data-tab=\"6\" role=\"region\" aria-labelledby=\"elementor-tab-title-6036\"><p><img loading=\"lazy\" decoding=\"async\" class=\"alignnone size-medium wp-image-190\" src=\"https:\/\/e837f534-a180-40c8-a19b-73a5b43b178d.eu02.conves.io\/wp-content\/uploads\/2023\/06\/Faal_Logo-300x116.png\" alt=\"\" width=\"300\" height=\"116\" srcset=\"https:\/\/foody-project.eu\/wp-content\/uploads\/2023\/06\/Faal_Logo-300x116.png 300w, https:\/\/foody-project.eu\/wp-content\/uploads\/2023\/06\/Faal_Logo-1024x396.png 1024w, https:\/\/foody-project.eu\/wp-content\/uploads\/2023\/06\/Faal_Logo-768x297.png 768w, https:\/\/foody-project.eu\/wp-content\/uploads\/2023\/06\/Faal_Logo-1536x593.png 1536w, https:\/\/foody-project.eu\/wp-content\/uploads\/2023\/06\/Faal_Logo-2048x791.png 2048w\" sizes=\"(max-width: 300px) 100vw, 300px\" \/><\/p><p>Faal Derne\u011fi si trova nell'area di \u00c7ankaya, il pi\u00f9 grande distretto di Ankara. L'obiettivo principale dell'organizzazione \u00e8 quello di dare potere alle persone che possono assumere un ruolo attivo nella societ\u00e0. Le attivit\u00e0 principali sono la cittadinanza attiva, l'inclusione sociale e l'integrazione dei gruppi svantaggiati.  La missione di Faal Derne\u011fi \u00e8 promuovere e sostenere lo sviluppo sostenibile delle comunit\u00e0 locali e l'empowerment degli individui attraverso l'istruzione e la formazione, i diritti umani e la cooperazione internazionale. Faal Derne\u011fi collabora con la municipalit\u00e0 di Ke\u00e7i\u00f6ren, la municipalit\u00e0 di Yenimahalle, le scuole, le universit\u00e0 e altre organizzazioni giovanili del suo ambiente per aumentare l'impatto.\u00a0<\/p><\/div>\n\t\t\t\t<\/div>\n\t\t\t\t\t\t\t\t<\/div>\n\t\t\t\t\t\t<\/div>\n\t\t\t\t<\/div>\n\t\t\t\t\t<\/div>\n\t\t<\/div>\n\t\t\t\t\t<\/div>\n\t\t<\/section>\n\t\t\t\t<section class=\"elementor-section elementor-top-section elementor-element elementor-element-4ef71fc elementor-section-boxed elementor-section-height-default elementor-section-height-default\" data-id=\"4ef71fc\" data-element_type=\"section\" data-e-type=\"section\" data-settings=\"{&quot;background_background&quot;:&quot;classic&quot;}\">\n\t\t\t\t\t\t<div class=\"elementor-container elementor-column-gap-default\">\n\t\t\t\t\t<div class=\"elementor-column elementor-col-100 elementor-top-column elementor-element elementor-element-55ddea0\" data-id=\"55ddea0\" data-element_type=\"column\" data-e-type=\"column\">\n\t\t\t<div class=\"elementor-widget-wrap elementor-element-populated\">\n\t\t\t\t\t\t<div class=\"elementor-element elementor-element-c08bdce elementor-widget elementor-widget-spacer\" data-id=\"c08bdce\" data-element_type=\"widget\" data-e-type=\"widget\" data-widget_type=\"spacer.default\">\n\t\t\t\t<div class=\"elementor-widget-container\">\n\t\t\t\t\t\t\t<div class=\"elementor-spacer\">\n\t\t\t<div class=\"elementor-spacer-inner\"><\/div>\n\t\t<\/div>\n\t\t\t\t\t\t<\/div>\n\t\t\t\t<\/div>\n\t\t\t\t\t<\/div>\n\t\t<\/div>\n\t\t\t\t\t<\/div>\n\t\t<\/section>\n\t\t\t\t<\/div>","protected":false},"excerpt":{"rendered":"<p>Project Partners HELLO YOUTH Hello Youth (HeY) is an NGO promoting active citizenship and participation of young people in all aspects of society. We encourage young people to participate in European projects as we recognise the immensely powerful way they can help young people improve themselves. Several young people make up this organisation from different [&hellip;]<\/p>\n","protected":false},"author":1,"featured_media":0,"parent":0,"menu_order":0,"comment_status":"closed","ping_status":"closed","template":"elementor_header_footer","meta":{"site-sidebar-layout":"default","site-content-layout":"","ast-site-content-layout":"default","site-content-style":"default","site-sidebar-style":"default","ast-global-header-display":"","ast-banner-title-visibility":"","ast-main-header-display":"","ast-hfb-above-header-display":"","ast-hfb-below-header-display":"","ast-hfb-mobile-header-display":"","site-post-title":"","ast-breadcrumbs-content":"","ast-featured-img":"","footer-sml-layout":"","ast-disable-related-posts":"","theme-transparent-header-meta":"","adv-header-id-meta":"","stick-header-meta":"","header-above-stick-meta":"","header-main-stick-meta":"","header-below-stick-meta":"","astra-migrate-meta-layouts":"default","ast-page-background-enabled":"default","ast-page-background-meta":{"desktop":{"background-color":"var(--ast-global-color-4)","background-image":"","background-repeat":"repeat","background-position":"center center","background-size":"auto","background-attachment":"scroll","background-type":"","background-media":"","overlay-type":"","overlay-color":"","overlay-opacity":"","overlay-gradient":""},"tablet":{"background-color":"","background-image":"","background-repeat":"repeat","background-position":"center center","background-size":"auto","background-attachment":"scroll","background-type":"","background-media":"","overlay-type":"","overlay-color":"","overlay-opacity":"","overlay-gradient":""},"mobile":{"background-color":"","background-image":"","background-repeat":"repeat","background-position":"center center","background-size":"auto","background-attachment":"scroll","background-type":"","background-media":"","overlay-type":"","overlay-color":"","overlay-opacity":"","overlay-gradient":""}},"ast-content-background-meta":{"desktop":{"background-color":"var(--ast-global-color-5)","background-image":"","background-repeat":"repeat","background-position":"center center","background-size":"auto","background-attachment":"scroll","background-type":"","background-media":"","overlay-type":"","overlay-color":"","overlay-opacity":"","overlay-gradient":""},"tablet":{"background-color":"var(--ast-global-color-5)","background-image":"","background-repeat":"repeat","background-position":"center center","background-size":"auto","background-attachment":"scroll","background-type":"","background-media":"","overlay-type":"","overlay-color":"","overlay-opacity":"","overlay-gradient":""},"mobile":{"background-color":"var(--ast-global-color-5)","background-image":"","background-repeat":"repeat","background-position":"center center","background-size":"auto","background-attachment":"scroll","background-type":"","background-media":"","overlay-type":"","overlay-color":"","overlay-opacity":"","overlay-gradient":""}},"footnotes":""},"class_list":["post-51","page","type-page","status-publish","hentry"],"_links":{"self":[{"href":"https:\/\/foody-project.eu\/it\/wp-json\/wp\/v2\/pages\/51","targetHints":{"allow":["GET"]}}],"collection":[{"href":"https:\/\/foody-project.eu\/it\/wp-json\/wp\/v2\/pages"}],"about":[{"href":"https:\/\/foody-project.eu\/it\/wp-json\/wp\/v2\/types\/page"}],"author":[{"embeddable":true,"href":"https:\/\/foody-project.eu\/it\/wp-json\/wp\/v2\/users\/1"}],"replies":[{"embeddable":true,"href":"https:\/\/foody-project.eu\/it\/wp-json\/wp\/v2\/comments?post=51"}],"version-history":[{"count":14,"href":"https:\/\/foody-project.eu\/it\/wp-json\/wp\/v2\/pages\/51\/revisions"}],"predecessor-version":[{"id":433,"href":"https:\/\/foody-project.eu\/it\/wp-json\/wp\/v2\/pages\/51\/revisions\/433"}],"wp:attachment":[{"href":"https:\/\/foody-project.eu\/it\/wp-json\/wp\/v2\/media?parent=51"}],"curies":[{"name":"wp","href":"https:\/\/api.w.org\/{rel}","templated":true}]}}